{"id":2986,"date":"2018-05-14T19:01:50","date_gmt":"2018-05-14T17:01:50","guid":{"rendered":"http:\/\/afadp.bai-bao.fr\/?page_id=2986"},"modified":"2025-05-05T12:32:58","modified_gmt":"2025-05-05T10:32:58","slug":"contact","status":"publish","type":"page","link":"https:\/\/afadansedeparis.com\/en\/contact\/","title":{"rendered":"Contact"},"content":{"rendered":"<p style=\"text-align: left;\">@ <a href=\"mailto:afadansedeparis@gmail.com\"><span style=\"font-weight: 400;\">afadansedeparis@gmail.com<\/span><\/a><\/p>\n<p style=\"text-align: left;\"><span style=\"font-weight: 400;\">Tel : +33 6 86 00 02 32<br \/>\n<\/span><\/p>\n<p style=\"text-align: left;\"><span style=\"font-weight: 400;\">AFA Danse<\/span><\/p>\n<p style=\"text-align: left;\"><span style=\"font-weight: 400;\">39 rue de Babylone 75007 Paris &#8211; France<\/span><\/p>\n<p style=\"text-align: left;\"><a href=\"https:\/\/www.facebook.com\/AFAdansedeparis\" target=\"_blank\" rel=\"noopener noreferrer\"><span style=\"font-weight: 400;\">Follow us on Facebook<\/span><\/a><\/p>\n<p style=\"text-align: left;\"><a href=\"https:\/\/www.instagram.com\/afadansedeparis\/\" target=\"_blank\" rel=\"noopener noreferrer\"><span style=\"font-weight: 400;\">Follow us on Instagram<\/span><\/a><\/p>\n<p style=\"text-align: left;\">\n","protected":false},"excerpt":{"rendered":"<p>@ afadansedeparis@gmail.com Tel : +33 6 86 00 02 32 AFA Danse 39 rue de Babylone 75007 Paris &#8211; France Follow us on Facebook Follow us on Instagram<\/p>\n","protected":false},"author":1,"featured_media":3216,"parent":0,"menu_order":0,"comment_status":"closed","ping_status":"closed","template":"contact.php","meta":{"_acf_changed":false,"footnotes":""},"class_list":["post-2986","page","type-page","status-publish","has-post-thumbnail","hentry"],"acf":[],"yoast_head":"<!-- This site is optimized with the Yoast SEO plugin v27.5 - https:\/\/yoast.com\/product\/yoast-seo-wordpress\/ -->\n<title>Contact - AFADP<\/title>\n<meta name=\"description\" content=\"Contact : Pour tout renseignement concernant nos cours et nos stages \u00e0 Paris et \u00e0 Le Ch\u00e2teau d&#039;Ol\u00e9ron, merci de nous contacter par: courrier \u00e0 AADP, 14-16 rue Omer Charlet, Le Chateau d&#039;Ol\u00e9ron, 17480 t\u00e9l\u00e9phone 05 46 47 62 30 \/ 06 60 86 47 27. Visiter le site\" \/>\n<meta name=\"robots\" content=\"index, follow, max-snippet:-1, max-image-preview:large, max-video-preview:-1\" \/>\n<link rel=\"canonical\" href=\"https:\/\/afadansedeparis.com\/en\/contact\/\" \/>\n<meta property=\"og:locale\" content=\"en_US\" \/>\n<meta property=\"og:type\" content=\"article\" \/>\n<meta property=\"og:title\" content=\"Contact - AFADP\" \/>\n<meta property=\"og:description\" content=\"Contact : Pour tout renseignement concernant nos cours et nos stages \u00e0 Paris et \u00e0 Le Ch\u00e2teau d&#039;Ol\u00e9ron, merci de nous contacter par: courrier \u00e0 AADP, 14-16 rue Omer Charlet, Le Chateau d&#039;Ol\u00e9ron, 17480 t\u00e9l\u00e9phone 05 46 47 62 30 \/ 06 60 86 47 27. Visiter le site\" \/>\n<meta property=\"og:url\" content=\"https:\/\/afadansedeparis.com\/en\/contact\/\" \/>\n<meta property=\"og:site_name\" content=\"AFADP ENG\" \/>\n<meta property=\"article:modified_time\" content=\"2025-05-05T10:32:58+00:00\" \/>\n<meta property=\"og:image\" content=\"https:\/\/afadansedeparis.com\/en\/wp-content\/uploads\/sites\/2\/2018\/10\/fotolia_82109503_l-1024x684.jpg\" \/>\n\t<meta property=\"og:image:width\" content=\"1024\" \/>\n\t<meta property=\"og:image:height\" content=\"684\" \/>\n\t<meta property=\"og:image:type\" content=\"image\/jpeg\" \/>\n<meta name=\"twitter:card\" content=\"summary_large_image\" \/>\n<meta name=\"twitter:label1\" content=\"Est. reading time\" \/>\n\t<meta name=\"twitter:data1\" content=\"1 minute\" \/>\n<script type=\"application\/ld+json\" class=\"yoast-schema-graph\">{\"@context\":\"https:\\\/\\\/schema.org\",\"@graph\":[{\"@type\":\"WebPage\",\"@id\":\"https:\\\/\\\/afadansedeparis.com\\\/en\\\/contact\\\/\",\"url\":\"https:\\\/\\\/afadansedeparis.com\\\/en\\\/contact\\\/\",\"name\":\"Contact - AFADP\",\"isPartOf\":{\"@id\":\"https:\\\/\\\/afadansedeparis.com\\\/en\\\/#website\"},\"primaryImageOfPage\":{\"@id\":\"https:\\\/\\\/afadansedeparis.com\\\/en\\\/contact\\\/#primaryimage\"},\"image\":{\"@id\":\"https:\\\/\\\/afadansedeparis.com\\\/en\\\/contact\\\/#primaryimage\"},\"thumbnailUrl\":\"https:\\\/\\\/afadansedeparis.com\\\/en\\\/wp-content\\\/uploads\\\/sites\\\/2\\\/2018\\\/10\\\/fotolia_82109503_l-1024x684.jpg\",\"datePublished\":\"2018-05-14T17:01:50+00:00\",\"dateModified\":\"2025-05-05T10:32:58+00:00\",\"description\":\"Contact : Pour tout renseignement concernant nos cours et nos stages \u00e0 Paris et \u00e0 Le Ch\u00e2teau d'Ol\u00e9ron, merci de nous contacter par: courrier \u00e0 AADP, 14-16 rue Omer Charlet, Le Chateau d'Ol\u00e9ron, 17480 t\u00e9l\u00e9phone 05 46 47 62 30 \\\/ 06 60 86 47 27. Visiter le site\",\"breadcrumb\":{\"@id\":\"https:\\\/\\\/afadansedeparis.com\\\/en\\\/contact\\\/#breadcrumb\"},\"inLanguage\":\"en-US\",\"potentialAction\":[{\"@type\":\"ReadAction\",\"target\":[\"https:\\\/\\\/afadansedeparis.com\\\/en\\\/contact\\\/\"]}]},{\"@type\":\"ImageObject\",\"inLanguage\":\"en-US\",\"@id\":\"https:\\\/\\\/afadansedeparis.com\\\/en\\\/contact\\\/#primaryimage\",\"url\":\"https:\\\/\\\/afadansedeparis.com\\\/en\\\/wp-content\\\/uploads\\\/sites\\\/2\\\/2018\\\/10\\\/fotolia_82109503_l-1024x684.jpg\",\"contentUrl\":\"https:\\\/\\\/afadansedeparis.com\\\/en\\\/wp-content\\\/uploads\\\/sites\\\/2\\\/2018\\\/10\\\/fotolia_82109503_l-1024x684.jpg\",\"width\":1024,\"height\":684,\"caption\":\"Close up Hand of a Businessman Signing a Contract Document on Top of a Wooden Table.\"},{\"@type\":\"BreadcrumbList\",\"@id\":\"https:\\\/\\\/afadansedeparis.com\\\/en\\\/contact\\\/#breadcrumb\",\"itemListElement\":[{\"@type\":\"ListItem\",\"position\":1,\"name\":\"Accueil\",\"item\":\"https:\\\/\\\/afadansedeparis.com\\\/en\\\/\"},{\"@type\":\"ListItem\",\"position\":2,\"name\":\"Contact\"}]},{\"@type\":\"WebSite\",\"@id\":\"https:\\\/\\\/afadansedeparis.com\\\/en\\\/#website\",\"url\":\"https:\\\/\\\/afadansedeparis.com\\\/en\\\/\",\"name\":\"AFADP ENG\",\"description\":\"\",\"potentialAction\":[{\"@type\":\"SearchAction\",\"target\":{\"@type\":\"EntryPoint\",\"urlTemplate\":\"https:\\\/\\\/afadansedeparis.com\\\/en\\\/?s={search_term_string}\"},\"query-input\":{\"@type\":\"PropertyValueSpecification\",\"valueRequired\":true,\"valueName\":\"search_term_string\"}}],\"inLanguage\":\"en-US\"}]}<\/script>\n<!-- \/ Yoast SEO plugin. -->","yoast_head_json":{"title":"Contact - AFADP","description":"Contact : Pour tout renseignement concernant nos cours et nos stages \u00e0 Paris et \u00e0 Le Ch\u00e2teau d'Ol\u00e9ron, merci de nous contacter par: courrier \u00e0 AADP, 14-16 rue Omer Charlet, Le Chateau d'Ol\u00e9ron, 17480 t\u00e9l\u00e9phone 05 46 47 62 30 \/ 06 60 86 47 27. Visiter le site","robots":{"index":"index","follow":"follow","max-snippet":"max-snippet:-1","max-image-preview":"max-image-preview:large","max-video-preview":"max-video-preview:-1"},"canonical":"https:\/\/afadansedeparis.com\/en\/contact\/","og_locale":"en_US","og_type":"article","og_title":"Contact - AFADP","og_description":"Contact : Pour tout renseignement concernant nos cours et nos stages \u00e0 Paris et \u00e0 Le Ch\u00e2teau d'Ol\u00e9ron, merci de nous contacter par: courrier \u00e0 AADP, 14-16 rue Omer Charlet, Le Chateau d'Ol\u00e9ron, 17480 t\u00e9l\u00e9phone 05 46 47 62 30 \/ 06 60 86 47 27. Visiter le site","og_url":"https:\/\/afadansedeparis.com\/en\/contact\/","og_site_name":"AFADP ENG","article_modified_time":"2025-05-05T10:32:58+00:00","og_image":[{"width":1024,"height":684,"url":"https:\/\/afadansedeparis.com\/en\/wp-content\/uploads\/sites\/2\/2018\/10\/fotolia_82109503_l-1024x684.jpg","type":"image\/jpeg"}],"twitter_card":"summary_large_image","twitter_misc":{"Est. reading time":"1 minute"},"schema":{"@context":"https:\/\/schema.org","@graph":[{"@type":"WebPage","@id":"https:\/\/afadansedeparis.com\/en\/contact\/","url":"https:\/\/afadansedeparis.com\/en\/contact\/","name":"Contact - AFADP","isPartOf":{"@id":"https:\/\/afadansedeparis.com\/en\/#website"},"primaryImageOfPage":{"@id":"https:\/\/afadansedeparis.com\/en\/contact\/#primaryimage"},"image":{"@id":"https:\/\/afadansedeparis.com\/en\/contact\/#primaryimage"},"thumbnailUrl":"https:\/\/afadansedeparis.com\/en\/wp-content\/uploads\/sites\/2\/2018\/10\/fotolia_82109503_l-1024x684.jpg","datePublished":"2018-05-14T17:01:50+00:00","dateModified":"2025-05-05T10:32:58+00:00","description":"Contact : Pour tout renseignement concernant nos cours et nos stages \u00e0 Paris et \u00e0 Le Ch\u00e2teau d'Ol\u00e9ron, merci de nous contacter par: courrier \u00e0 AADP, 14-16 rue Omer Charlet, Le Chateau d'Ol\u00e9ron, 17480 t\u00e9l\u00e9phone 05 46 47 62 30 \/ 06 60 86 47 27. Visiter le site","breadcrumb":{"@id":"https:\/\/afadansedeparis.com\/en\/contact\/#breadcrumb"},"inLanguage":"en-US","potentialAction":[{"@type":"ReadAction","target":["https:\/\/afadansedeparis.com\/en\/contact\/"]}]},{"@type":"ImageObject","inLanguage":"en-US","@id":"https:\/\/afadansedeparis.com\/en\/contact\/#primaryimage","url":"https:\/\/afadansedeparis.com\/en\/wp-content\/uploads\/sites\/2\/2018\/10\/fotolia_82109503_l-1024x684.jpg","contentUrl":"https:\/\/afadansedeparis.com\/en\/wp-content\/uploads\/sites\/2\/2018\/10\/fotolia_82109503_l-1024x684.jpg","width":1024,"height":684,"caption":"Close up Hand of a Businessman Signing a Contract Document on Top of a Wooden Table."},{"@type":"BreadcrumbList","@id":"https:\/\/afadansedeparis.com\/en\/contact\/#breadcrumb","itemListElement":[{"@type":"ListItem","position":1,"name":"Accueil","item":"https:\/\/afadansedeparis.com\/en\/"},{"@type":"ListItem","position":2,"name":"Contact"}]},{"@type":"WebSite","@id":"https:\/\/afadansedeparis.com\/en\/#website","url":"https:\/\/afadansedeparis.com\/en\/","name":"AFADP ENG","description":"","potentialAction":[{"@type":"SearchAction","target":{"@type":"EntryPoint","urlTemplate":"https:\/\/afadansedeparis.com\/en\/?s={search_term_string}"},"query-input":{"@type":"PropertyValueSpecification","valueRequired":true,"valueName":"search_term_string"}}],"inLanguage":"en-US"}]}},"_links":{"self":[{"href":"https:\/\/afadansedeparis.com\/en\/wp-json\/wp\/v2\/pages\/2986","targetHints":{"allow":["GET"]}}],"collection":[{"href":"https:\/\/afadansedeparis.com\/en\/wp-json\/wp\/v2\/pages"}],"about":[{"href":"https:\/\/afadansedeparis.com\/en\/wp-json\/wp\/v2\/types\/page"}],"author":[{"embeddable":true,"href":"https:\/\/afadansedeparis.com\/en\/wp-json\/wp\/v2\/users\/1"}],"replies":[{"embeddable":true,"href":"https:\/\/afadansedeparis.com\/en\/wp-json\/wp\/v2\/comments?post=2986"}],"version-history":[{"count":11,"href":"https:\/\/afadansedeparis.com\/en\/wp-json\/wp\/v2\/pages\/2986\/revisions"}],"predecessor-version":[{"id":5297,"href":"https:\/\/afadansedeparis.com\/en\/wp-json\/wp\/v2\/pages\/2986\/revisions\/5297"}],"wp:featuredmedia":[{"embeddable":true,"href":"https:\/\/afadansedeparis.com\/en\/wp-json\/wp\/v2\/media\/3216"}],"wp:attachment":[{"href":"https:\/\/afadansedeparis.com\/en\/wp-json\/wp\/v2\/media?parent=2986"}],"curies":[{"name":"wp","href":"https:\/\/api.w.org\/{rel}","templated":true}]}}