{"id":3004,"date":"2018-05-14T21:00:42","date_gmt":"2018-05-14T19:00:42","guid":{"rendered":"http:\/\/afadp.bai-bao.fr\/?page_id=3004"},"modified":"2021-10-04T10:39:11","modified_gmt":"2021-10-04T08:39:11","slug":"mentions-legales","status":"publish","type":"page","link":"https:\/\/afadansedeparis.com\/en\/mentions-legales\/","title":{"rendered":"Mentions l\u00e9gales"},"content":{"rendered":"<p>Mentions l\u00e9gales :<\/p>\n<p>Le site Internet www.afadansedeparis.com est \u00e9dit\u00e9 par la SARL AFA DANSE, immatricul\u00e9e au Tribunal de Commerce de Paris. N\u00b0siret: 90352573100019.<\/p>\n<p>Coordonn\u00e9es\u00a0:<\/p>\n<p>Si\u00e8ge social : 39 rue de Babylone 75007 Paris<\/p>\n<p>Mail : afadansedeparis@gmail.com<\/p>\n<p>Responsable de la publication\u00a0: Coralie Berquer<\/p>\n<p>Contenu du site et propri\u00e9t\u00e9\u00a0:<\/p>\n<p>Les informations pr\u00e9sent\u00e9es sur ce site sont donn\u00e9es \u00e0 titre indicatif et ne peuvent \u00eatre consid\u00e9r\u00e9es comme contractuelles.<\/p>\n<p>Cr\u00e9dit photo : Tous droits r\u00e9serv\u00e9s.<\/p>\n<p>Toute reproduction du site est strictement interdite sans l\u2019accord pr\u00e9alable \u00e9crit d\u2019AFA Danse.<\/p>\n<p>Charte de confidentialit\u00e9\u00a0:<\/p>\n<p>Pour des besoins de statistiques et d\u2019affichage, www.afadansedeparis.com utilise des cookies. Ils permettent d\u2019enregistrer des informations sur votre navigation.<\/p>\n<p>Conform\u00e9ment \u00e0 la loi fran\u00e7aise n\u00b0 78-17 du 6 janvier 1978 relative \u00e0 l\u2019informatique, aux fichiers et aux libert\u00e9s, toute personne ayant d\u00e9pos\u00e9 sur le site des informations directement ou indirectement nominatives peut demander la communication des informations nominatives le concernant afin de les faire rectifier le cas \u00e9ch\u00e9ant ou de les faire supprimer aupr\u00e8s d\u2019AFA Danse.<\/p>\n","protected":false},"excerpt":{"rendered":"<p>Mentions l\u00e9gales : Le site Internet www.afadansedeparis.com est \u00e9dit\u00e9 par la SARL AFA DANSE, immatricul\u00e9e au Tribunal de Commerce de Paris. N\u00b0siret: 90352573100019. Coordonn\u00e9es\u00a0: Si\u00e8ge social : 39 rue de Babylone 75007 Paris Mail : afadansedeparis@gmail.com Responsable de la publication\u00a0: Coralie Berquer Contenu du site et propri\u00e9t\u00e9\u00a0: Les informations pr\u00e9sent\u00e9es sur ce site sont donn\u00e9es [&hellip;]<\/p>\n","protected":false},"author":1,"featured_media":0,"parent":0,"menu_order":0,"comment_status":"closed","ping_status":"closed","template":"","meta":{"_acf_changed":false,"footnotes":""},"class_list":["post-3004","page","type-page","status-publish","hentry"],"acf":[],"yoast_head":"<!-- This site is optimized with the Yoast SEO plugin v27.5 - https:\/\/yoast.com\/product\/yoast-seo-wordpress\/ -->\n<title>Mentions l\u00e9gales - AFADP ENG<\/title>\n<meta name=\"robots\" content=\"index, follow, max-snippet:-1, max-image-preview:large, max-video-preview:-1\" \/>\n<link rel=\"canonical\" href=\"https:\/\/afadansedeparis.com\/en\/mentions-legales\/\" \/>\n<meta property=\"og:locale\" content=\"en_US\" \/>\n<meta property=\"og:type\" content=\"article\" \/>\n<meta property=\"og:title\" content=\"Mentions l\u00e9gales - AFADP ENG\" \/>\n<meta property=\"og:description\" content=\"Mentions l\u00e9gales : Le site Internet www.afadansedeparis.com est \u00e9dit\u00e9 par la SARL AFA DANSE, immatricul\u00e9e au Tribunal de Commerce de Paris. N\u00b0siret: 90352573100019. Coordonn\u00e9es\u00a0: Si\u00e8ge social : 39 rue de Babylone 75007 Paris Mail : afadansedeparis@gmail.com Responsable de la publication\u00a0: Coralie Berquer Contenu du site et propri\u00e9t\u00e9\u00a0: Les informations pr\u00e9sent\u00e9es sur ce site sont donn\u00e9es [&hellip;]\" \/>\n<meta property=\"og:url\" content=\"https:\/\/afadansedeparis.com\/en\/mentions-legales\/\" \/>\n<meta property=\"og:site_name\" content=\"AFADP ENG\" \/>\n<meta property=\"article:modified_time\" content=\"2021-10-04T08:39:11+00:00\" \/>\n<meta name=\"twitter:card\" content=\"summary_large_image\" \/>\n<meta name=\"twitter:label1\" content=\"Est. reading time\" \/>\n\t<meta name=\"twitter:data1\" content=\"1 minute\" \/>\n<script type=\"application\/ld+json\" class=\"yoast-schema-graph\">{\"@context\":\"https:\\\/\\\/schema.org\",\"@graph\":[{\"@type\":\"WebPage\",\"@id\":\"https:\\\/\\\/afadansedeparis.com\\\/en\\\/mentions-legales\\\/\",\"url\":\"https:\\\/\\\/afadansedeparis.com\\\/en\\\/mentions-legales\\\/\",\"name\":\"Mentions l\u00e9gales - AFADP ENG\",\"isPartOf\":{\"@id\":\"https:\\\/\\\/afadansedeparis.com\\\/en\\\/#website\"},\"datePublished\":\"2018-05-14T19:00:42+00:00\",\"dateModified\":\"2021-10-04T08:39:11+00:00\",\"breadcrumb\":{\"@id\":\"https:\\\/\\\/afadansedeparis.com\\\/en\\\/mentions-legales\\\/#breadcrumb\"},\"inLanguage\":\"en-US\",\"potentialAction\":[{\"@type\":\"ReadAction\",\"target\":[\"https:\\\/\\\/afadansedeparis.com\\\/en\\\/mentions-legales\\\/\"]}]},{\"@type\":\"BreadcrumbList\",\"@id\":\"https:\\\/\\\/afadansedeparis.com\\\/en\\\/mentions-legales\\\/#breadcrumb\",\"itemListElement\":[{\"@type\":\"ListItem\",\"position\":1,\"name\":\"Accueil\",\"item\":\"https:\\\/\\\/afadansedeparis.com\\\/en\\\/\"},{\"@type\":\"ListItem\",\"position\":2,\"name\":\"Mentions l\u00e9gales\"}]},{\"@type\":\"WebSite\",\"@id\":\"https:\\\/\\\/afadansedeparis.com\\\/en\\\/#website\",\"url\":\"https:\\\/\\\/afadansedeparis.com\\\/en\\\/\",\"name\":\"AFADP ENG\",\"description\":\"\",\"potentialAction\":[{\"@type\":\"SearchAction\",\"target\":{\"@type\":\"EntryPoint\",\"urlTemplate\":\"https:\\\/\\\/afadansedeparis.com\\\/en\\\/?s={search_term_string}\"},\"query-input\":{\"@type\":\"PropertyValueSpecification\",\"valueRequired\":true,\"valueName\":\"search_term_string\"}}],\"inLanguage\":\"en-US\"}]}<\/script>\n<!-- \/ Yoast SEO plugin. -->","yoast_head_json":{"title":"Mentions l\u00e9gales - AFADP ENG","robots":{"index":"index","follow":"follow","max-snippet":"max-snippet:-1","max-image-preview":"max-image-preview:large","max-video-preview":"max-video-preview:-1"},"canonical":"https:\/\/afadansedeparis.com\/en\/mentions-legales\/","og_locale":"en_US","og_type":"article","og_title":"Mentions l\u00e9gales - AFADP ENG","og_description":"Mentions l\u00e9gales : Le site Internet www.afadansedeparis.com est \u00e9dit\u00e9 par la SARL AFA DANSE, immatricul\u00e9e au Tribunal de Commerce de Paris. N\u00b0siret: 90352573100019. Coordonn\u00e9es\u00a0: Si\u00e8ge social : 39 rue de Babylone 75007 Paris Mail : afadansedeparis@gmail.com Responsable de la publication\u00a0: Coralie Berquer Contenu du site et propri\u00e9t\u00e9\u00a0: Les informations pr\u00e9sent\u00e9es sur ce site sont donn\u00e9es [&hellip;]","og_url":"https:\/\/afadansedeparis.com\/en\/mentions-legales\/","og_site_name":"AFADP ENG","article_modified_time":"2021-10-04T08:39:11+00:00","twitter_card":"summary_large_image","twitter_misc":{"Est. reading time":"1 minute"},"schema":{"@context":"https:\/\/schema.org","@graph":[{"@type":"WebPage","@id":"https:\/\/afadansedeparis.com\/en\/mentions-legales\/","url":"https:\/\/afadansedeparis.com\/en\/mentions-legales\/","name":"Mentions l\u00e9gales - AFADP ENG","isPartOf":{"@id":"https:\/\/afadansedeparis.com\/en\/#website"},"datePublished":"2018-05-14T19:00:42+00:00","dateModified":"2021-10-04T08:39:11+00:00","breadcrumb":{"@id":"https:\/\/afadansedeparis.com\/en\/mentions-legales\/#breadcrumb"},"inLanguage":"en-US","potentialAction":[{"@type":"ReadAction","target":["https:\/\/afadansedeparis.com\/en\/mentions-legales\/"]}]},{"@type":"BreadcrumbList","@id":"https:\/\/afadansedeparis.com\/en\/mentions-legales\/#breadcrumb","itemListElement":[{"@type":"ListItem","position":1,"name":"Accueil","item":"https:\/\/afadansedeparis.com\/en\/"},{"@type":"ListItem","position":2,"name":"Mentions l\u00e9gales"}]},{"@type":"WebSite","@id":"https:\/\/afadansedeparis.com\/en\/#website","url":"https:\/\/afadansedeparis.com\/en\/","name":"AFADP ENG","description":"","potentialAction":[{"@type":"SearchAction","target":{"@type":"EntryPoint","urlTemplate":"https:\/\/afadansedeparis.com\/en\/?s={search_term_string}"},"query-input":{"@type":"PropertyValueSpecification","valueRequired":true,"valueName":"search_term_string"}}],"inLanguage":"en-US"}]}},"_links":{"self":[{"href":"https:\/\/afadansedeparis.com\/en\/wp-json\/wp\/v2\/pages\/3004","targetHints":{"allow":["GET"]}}],"collection":[{"href":"https:\/\/afadansedeparis.com\/en\/wp-json\/wp\/v2\/pages"}],"about":[{"href":"https:\/\/afadansedeparis.com\/en\/wp-json\/wp\/v2\/types\/page"}],"author":[{"embeddable":true,"href":"https:\/\/afadansedeparis.com\/en\/wp-json\/wp\/v2\/users\/1"}],"replies":[{"embeddable":true,"href":"https:\/\/afadansedeparis.com\/en\/wp-json\/wp\/v2\/comments?post=3004"}],"version-history":[{"count":5,"href":"https:\/\/afadansedeparis.com\/en\/wp-json\/wp\/v2\/pages\/3004\/revisions"}],"predecessor-version":[{"id":4458,"href":"https:\/\/afadansedeparis.com\/en\/wp-json\/wp\/v2\/pages\/3004\/revisions\/4458"}],"wp:attachment":[{"href":"https:\/\/afadansedeparis.com\/en\/wp-json\/wp\/v2\/media?parent=3004"}],"curies":[{"name":"wp","href":"https:\/\/api.w.org\/{rel}","templated":true}]}}